{"id":99875,"date":"2021-06-03T15:36:38","date_gmt":"2021-06-03T15:36:38","guid":{"rendered":"https:\/\/www.jesuspeiro.com\/guide-de-robes\/"},"modified":"2021-06-15T11:08:05","modified_gmt":"2021-06-15T11:08:05","slug":"guide-de-robes","status":"publish","type":"page","link":"https:\/\/www.jesuspeiro.com\/fr\/guide-de-robes\/","title":{"rendered":"Guide de robes"},"content":{"rendered":"\n<p>S\u00e9lectionnez un style qui vous pla\u00eet et nous vous montrerons nos meilleurs mod\u00e8les pour votre robe de mari\u00e9e.<\/p>\n","protected":false},"excerpt":{"rendered":"<p>S\u00e9lectionnez un style qui vous pla\u00eet et nous vous montrerons nos meilleurs mod\u00e8les pour votre robe de mari\u00e9e.<\/p>\n","protected":false},"author":1,"featured_media":0,"parent":0,"menu_order":0,"comment_status":"closed","ping_status":"closed","template":"page-buscador-guia.php","meta":{"_acf_changed":false,"om_disable_all_campaigns":false,"_monsterinsights_skip_tracking":false,"_monsterinsights_sitenote_active":false,"_monsterinsights_sitenote_note":"","_monsterinsights_sitenote_category":0,"footnotes":""},"class_list":["post-99875","page","type-page","status-publish","hentry"],"acf":[],"aioseo_notices":[],"_links":{"self":[{"href":"https:\/\/www.jesuspeiro.com\/fr\/wp-json\/wp\/v2\/pages\/99875","targetHints":{"allow":["GET"]}}],"collection":[{"href":"https:\/\/www.jesuspeiro.com\/fr\/wp-json\/wp\/v2\/pages"}],"about":[{"href":"https:\/\/www.jesuspeiro.com\/fr\/wp-json\/wp\/v2\/types\/page"}],"author":[{"embeddable":true,"href":"https:\/\/www.jesuspeiro.com\/fr\/wp-json\/wp\/v2\/users\/1"}],"replies":[{"embeddable":true,"href":"https:\/\/www.jesuspeiro.com\/fr\/wp-json\/wp\/v2\/comments?post=99875"}],"version-history":[{"count":0,"href":"https:\/\/www.jesuspeiro.com\/fr\/wp-json\/wp\/v2\/pages\/99875\/revisions"}],"wp:attachment":[{"href":"https:\/\/www.jesuspeiro.com\/fr\/wp-json\/wp\/v2\/media?parent=99875"}],"curies":[{"name":"wp","href":"https:\/\/api.w.org\/{rel}","templated":true}]}}