{"id":74975,"date":"2019-02-05T15:23:47","date_gmt":"2019-02-05T15:23:47","guid":{"rendered":"https:\/\/www.jesuspeiro.com\/complementos\/"},"modified":"2025-06-25T13:50:40","modified_gmt":"2025-06-25T13:50:40","slug":"complements","status":"publish","type":"page","link":"https:\/\/www.jesuspeiro.com\/fr\/complements\/","title":{"rendered":"Accessoires"},"content":{"rendered":"\n<h2 class=\"wp-block-heading has-text-align-center h3\"><strong>Con\u00e7us et r\u00e9alis\u00e9s \u00e0 la main dans notre atelier, avec la m\u00eame pr\u00e9cision et savoir-faire que chacune de nos robes.<\/strong><\/h2>\n","protected":false},"excerpt":{"rendered":"<p>Con\u00e7us et r\u00e9alis\u00e9s \u00e0 la main dans notre atelier, avec la m\u00eame pr\u00e9cision et savoir-faire que chacune de nos robes.<\/p>\n","protected":false},"author":1,"featured_media":0,"parent":0,"menu_order":0,"comment_status":"closed","ping_status":"closed","template":"page-complementos.php","meta":{"_acf_changed":false,"om_disable_all_campaigns":false,"_monsterinsights_skip_tracking":false,"_monsterinsights_sitenote_active":false,"_monsterinsights_sitenote_note":"","_monsterinsights_sitenote_category":0,"footnotes":""},"class_list":["post-74975","page","type-page","status-publish","hentry"],"acf":[],"aioseo_notices":[],"_links":{"self":[{"href":"https:\/\/www.jesuspeiro.com\/fr\/wp-json\/wp\/v2\/pages\/74975","targetHints":{"allow":["GET"]}}],"collection":[{"href":"https:\/\/www.jesuspeiro.com\/fr\/wp-json\/wp\/v2\/pages"}],"about":[{"href":"https:\/\/www.jesuspeiro.com\/fr\/wp-json\/wp\/v2\/types\/page"}],"author":[{"embeddable":true,"href":"https:\/\/www.jesuspeiro.com\/fr\/wp-json\/wp\/v2\/users\/1"}],"replies":[{"embeddable":true,"href":"https:\/\/www.jesuspeiro.com\/fr\/wp-json\/wp\/v2\/comments?post=74975"}],"version-history":[{"count":0,"href":"https:\/\/www.jesuspeiro.com\/fr\/wp-json\/wp\/v2\/pages\/74975\/revisions"}],"wp:attachment":[{"href":"https:\/\/www.jesuspeiro.com\/fr\/wp-json\/wp\/v2\/media?parent=74975"}],"curies":[{"name":"wp","href":"https:\/\/api.w.org\/{rel}","templated":true}]}}