{"id":282414,"date":"2025-04-15T18:40:21","date_gmt":"2025-04-15T18:40:21","guid":{"rendered":"https:\/\/dev.jesuspeiro.com\/become-a-retailer\/"},"modified":"2025-06-19T08:37:36","modified_gmt":"2025-06-19T08:37:36","slug":"become-a-retailer","status":"publish","type":"page","link":"https:\/\/www.jesuspeiro.com\/fr\/become-a-retailer\/","title":{"rendered":"Devenez revendeur"},"content":{"rendered":"\n<p><strong>INT\u00c9RESS\u00c9 DEPUIS UN AUTRE PAYS ?<\/strong><\/p>\n\n<p>Contactez-nous via notre formulaire.<br\/>Notre \u00e9quipe commerciale se fera un plaisir de vous r\u00e9pondre dans les plus brefs d\u00e9lais.<\/p>\n","protected":false},"excerpt":{"rendered":"<p>INT\u00c9RESS\u00c9 DEPUIS UN AUTRE PAYS ? Contactez-nous via notre formulaire.Notre \u00e9quipe commerciale se fera un plaisir de vous r\u00e9pondre dans les plus brefs d\u00e9lais.<\/p>\n","protected":false},"author":1,"featured_media":0,"parent":0,"menu_order":0,"comment_status":"closed","ping_status":"closed","template":"page-retailers.php","meta":{"_acf_changed":false,"om_disable_all_campaigns":false,"_monsterinsights_skip_tracking":false,"_monsterinsights_sitenote_active":false,"_monsterinsights_sitenote_note":"","_monsterinsights_sitenote_category":0,"footnotes":""},"class_list":["post-282414","page","type-page","status-publish","hentry"],"acf":[],"aioseo_notices":[],"_links":{"self":[{"href":"https:\/\/www.jesuspeiro.com\/fr\/wp-json\/wp\/v2\/pages\/282414","targetHints":{"allow":["GET"]}}],"collection":[{"href":"https:\/\/www.jesuspeiro.com\/fr\/wp-json\/wp\/v2\/pages"}],"about":[{"href":"https:\/\/www.jesuspeiro.com\/fr\/wp-json\/wp\/v2\/types\/page"}],"author":[{"embeddable":true,"href":"https:\/\/www.jesuspeiro.com\/fr\/wp-json\/wp\/v2\/users\/1"}],"replies":[{"embeddable":true,"href":"https:\/\/www.jesuspeiro.com\/fr\/wp-json\/wp\/v2\/comments?post=282414"}],"version-history":[{"count":0,"href":"https:\/\/www.jesuspeiro.com\/fr\/wp-json\/wp\/v2\/pages\/282414\/revisions"}],"wp:attachment":[{"href":"https:\/\/www.jesuspeiro.com\/fr\/wp-json\/wp\/v2\/media?parent=282414"}],"curies":[{"name":"wp","href":"https:\/\/api.w.org\/{rel}","templated":true}]}}