{"id":265881,"date":"2024-04-11T08:28:55","date_gmt":"2024-04-11T08:28:55","guid":{"rendered":"https:\/\/www.jesuspeiro.com\/presentation-lumiere-2025\/"},"modified":"2024-04-17T08:32:44","modified_gmt":"2024-04-17T08:32:44","slug":"presentation-lumiere-2025","status":"publish","type":"page","link":"https:\/\/www.jesuspeiro.com\/fr\/presentation-lumiere-2025\/","title":{"rendered":"Presentation Lumi\u00e8re 2025"},"content":{"rendered":"\n<p>Merche Segarra nous pr\u00e9sente Lumi\u00e8re, la collection pour les mari\u00e9es de 2025.<\/p>\n\n<figure class=\"wp-block-embed aligncenter is-type-video is-provider-vimeo wp-block-embed-vimeo wp-embed-aspect-16-9 wp-has-aspect-ratio\"><div class=\"wp-block-embed__wrapper\">\r\n<iframe title=\"lumiere-presentacion-EN\" src=\"https:\/\/player.vimeo.com\/video\/935752961?dnt=1&amp;app_id=122963\" width=\"680\" height=\"383\" frameborder=\"0\" allow=\"autoplay; fullscreen; picture-in-picture; clipboard-write\"><\/iframe>\r\n<\/div><\/figure>\r\n","protected":false},"excerpt":{"rendered":"<p>Merche Segarra nous pr\u00e9sente Lumi\u00e8re, la collection pour les mari\u00e9es de 2025.<\/p>\n","protected":false},"author":1,"featured_media":0,"parent":0,"menu_order":0,"comment_status":"closed","ping_status":"closed","template":"page-videos.php","meta":{"_acf_changed":false,"om_disable_all_campaigns":false,"_monsterinsights_skip_tracking":false,"_monsterinsights_sitenote_active":false,"_monsterinsights_sitenote_note":"","_monsterinsights_sitenote_category":0,"footnotes":""},"class_list":["post-265881","page","type-page","status-publish","hentry"],"acf":[],"aioseo_notices":[],"_links":{"self":[{"href":"https:\/\/www.jesuspeiro.com\/fr\/wp-json\/wp\/v2\/pages\/265881","targetHints":{"allow":["GET"]}}],"collection":[{"href":"https:\/\/www.jesuspeiro.com\/fr\/wp-json\/wp\/v2\/pages"}],"about":[{"href":"https:\/\/www.jesuspeiro.com\/fr\/wp-json\/wp\/v2\/types\/page"}],"author":[{"embeddable":true,"href":"https:\/\/www.jesuspeiro.com\/fr\/wp-json\/wp\/v2\/users\/1"}],"replies":[{"embeddable":true,"href":"https:\/\/www.jesuspeiro.com\/fr\/wp-json\/wp\/v2\/comments?post=265881"}],"version-history":[{"count":0,"href":"https:\/\/www.jesuspeiro.com\/fr\/wp-json\/wp\/v2\/pages\/265881\/revisions"}],"wp:attachment":[{"href":"https:\/\/www.jesuspeiro.com\/fr\/wp-json\/wp\/v2\/media?parent=265881"}],"curies":[{"name":"wp","href":"https:\/\/api.w.org\/{rel}","templated":true}]}}