{"id":99879,"date":"2021-06-03T15:36:38","date_gmt":"2021-06-03T15:36:38","guid":{"rendered":"https:\/\/www.jesuspeiro.com\/anleitung-fuer-kleider\/"},"modified":"2021-06-15T11:09:05","modified_gmt":"2021-06-15T11:09:05","slug":"anleitung-fuer-kleider","status":"publish","type":"page","link":"https:\/\/www.jesuspeiro.com\/de\/anleitung-fuer-kleider\/","title":{"rendered":"Anleitung f\u00fcr Kleider"},"content":{"rendered":"\n<p>W\u00e4hlen Sie das Modell, das Ihnen am besten gef\u00e4llt und wir zeigen Ihnen unsere sch\u00f6nsten Designs f\u00fcr Ihr Hochzeitskleid.<\/p>\n","protected":false},"excerpt":{"rendered":"<p>W\u00e4hlen Sie das Modell, das Ihnen am besten gef\u00e4llt und wir zeigen Ihnen unsere sch\u00f6nsten Designs f\u00fcr Ihr Hochzeitskleid.<\/p>\n","protected":false},"author":1,"featured_media":0,"parent":0,"menu_order":0,"comment_status":"closed","ping_status":"closed","template":"page-buscador-guia.php","meta":{"_acf_changed":false,"om_disable_all_campaigns":false,"_monsterinsights_skip_tracking":false,"_monsterinsights_sitenote_active":false,"_monsterinsights_sitenote_note":"","_monsterinsights_sitenote_category":0,"footnotes":""},"class_list":["post-99879","page","type-page","status-publish","hentry"],"acf":[],"aioseo_notices":[],"_links":{"self":[{"href":"https:\/\/www.jesuspeiro.com\/de\/wp-json\/wp\/v2\/pages\/99879","targetHints":{"allow":["GET"]}}],"collection":[{"href":"https:\/\/www.jesuspeiro.com\/de\/wp-json\/wp\/v2\/pages"}],"about":[{"href":"https:\/\/www.jesuspeiro.com\/de\/wp-json\/wp\/v2\/types\/page"}],"author":[{"embeddable":true,"href":"https:\/\/www.jesuspeiro.com\/de\/wp-json\/wp\/v2\/users\/1"}],"replies":[{"embeddable":true,"href":"https:\/\/www.jesuspeiro.com\/de\/wp-json\/wp\/v2\/comments?post=99879"}],"version-history":[{"count":0,"href":"https:\/\/www.jesuspeiro.com\/de\/wp-json\/wp\/v2\/pages\/99879\/revisions"}],"wp:attachment":[{"href":"https:\/\/www.jesuspeiro.com\/de\/wp-json\/wp\/v2\/media?parent=99879"}],"curies":[{"name":"wp","href":"https:\/\/api.w.org\/{rel}","templated":true}]}}