{"id":50385,"date":"2017-04-18T14:46:27","date_gmt":"2017-04-18T14:46:27","guid":{"rendered":"https:\/\/www.jesuspeiro.com\/nuovo-negozio-di-jesus-peiro-madrid\/"},"modified":"2017-04-18T15:10:07","modified_gmt":"2017-04-18T15:10:07","slug":"nuovo-negozio-di-jesus-peiro-madrid","status":"publish","type":"page","link":"https:\/\/www.jesuspeiro.com\/de\/nuovo-negozio-di-jesus-peiro-madrid\/","title":{"rendered":"Neue Jes\u00fas Peir\u00f3-Filiale in Madrid"},"content":{"rendered":"<h1><strong>Neue Jes\u00fas Peir\u00f3-Filiale<\/strong> in Madrid<\/h1>\n<p><img decoding=\"async\" src=\"https:\/\/www.jesuspeiro.com\/wp-jesuspeiro-2017\/wp-content\/uploads\/2017\/04\/madrid-jp-1-1500x639.jpg\" alt=\"\" width=\"1500\" height=\"639\" class=\"alignnone size-medium wp-image-50348\" srcset=\"https:\/\/www.jesuspeiro.com\/wp-content\/uploads\/2017\/04\/madrid-jp-1-1500x639.jpg 1500w, https:\/\/www.jesuspeiro.com\/wp-content\/uploads\/2017\/04\/madrid-jp-1-768x327.jpg 768w, https:\/\/www.jesuspeiro.com\/wp-content\/uploads\/2017\/04\/madrid-jp-1-1600x682.jpg 1600w, https:\/\/www.jesuspeiro.com\/wp-content\/uploads\/2017\/04\/madrid-jp-1-360x153.jpg 360w, https:\/\/www.jesuspeiro.com\/wp-content\/uploads\/2017\/04\/madrid-jp-1-940x401.jpg 940w, https:\/\/www.jesuspeiro.com\/wp-content\/uploads\/2017\/04\/madrid-jp-1.jpg 1652w\" sizes=\"(max-width: 1500px) 100vw, 1500px\" \/><\/p>\n<p><img decoding=\"async\" src=\"https:\/\/www.jesuspeiro.com\/wp-jesuspeiro-2017\/wp-content\/uploads\/2017\/04\/madrid-jp-2-1500x639.jpg\" alt=\"\" width=\"1500\" height=\"639\" class=\"alignnone size-medium wp-image-50353\" srcset=\"https:\/\/www.jesuspeiro.com\/wp-content\/uploads\/2017\/04\/madrid-jp-2-1500x639.jpg 1500w, https:\/\/www.jesuspeiro.com\/wp-content\/uploads\/2017\/04\/madrid-jp-2-768x327.jpg 768w, https:\/\/www.jesuspeiro.com\/wp-content\/uploads\/2017\/04\/madrid-jp-2-1600x682.jpg 1600w, https:\/\/www.jesuspeiro.com\/wp-content\/uploads\/2017\/04\/madrid-jp-2-360x153.jpg 360w, https:\/\/www.jesuspeiro.com\/wp-content\/uploads\/2017\/04\/madrid-jp-2-940x401.jpg 940w, https:\/\/www.jesuspeiro.com\/wp-content\/uploads\/2017\/04\/madrid-jp-2.jpg 1652w\" sizes=\"(max-width: 1500px) 100vw, 1500px\" \/><\/p>\n<p><img decoding=\"async\" src=\"https:\/\/www.jesuspeiro.com\/wp-jesuspeiro-2017\/wp-content\/uploads\/2017\/04\/madrid-jp-3-1500x639.jpg\" alt=\"\" width=\"1500\" height=\"639\" class=\"alignnone size-medium wp-image-50358\" srcset=\"https:\/\/www.jesuspeiro.com\/wp-content\/uploads\/2017\/04\/madrid-jp-3-1500x639.jpg 1500w, https:\/\/www.jesuspeiro.com\/wp-content\/uploads\/2017\/04\/madrid-jp-3-768x327.jpg 768w, https:\/\/www.jesuspeiro.com\/wp-content\/uploads\/2017\/04\/madrid-jp-3-1600x682.jpg 1600w, https:\/\/www.jesuspeiro.com\/wp-content\/uploads\/2017\/04\/madrid-jp-3-360x153.jpg 360w, https:\/\/www.jesuspeiro.com\/wp-content\/uploads\/2017\/04\/madrid-jp-3-940x401.jpg 940w, https:\/\/www.jesuspeiro.com\/wp-content\/uploads\/2017\/04\/madrid-jp-3.jpg 1652w\" sizes=\"(max-width: 1500px) 100vw, 1500px\" \/><\/p>\n<p><img decoding=\"async\" src=\"https:\/\/www.jesuspeiro.com\/wp-jesuspeiro-2017\/wp-content\/uploads\/2017\/04\/madrid-jp-4-1500x639.jpg\" alt=\"\" width=\"1500\" height=\"639\" class=\"alignnone size-medium wp-image-50363\" srcset=\"https:\/\/www.jesuspeiro.com\/wp-content\/uploads\/2017\/04\/madrid-jp-4-1500x639.jpg 1500w, https:\/\/www.jesuspeiro.com\/wp-content\/uploads\/2017\/04\/madrid-jp-4-768x327.jpg 768w, https:\/\/www.jesuspeiro.com\/wp-content\/uploads\/2017\/04\/madrid-jp-4-1600x682.jpg 1600w, https:\/\/www.jesuspeiro.com\/wp-content\/uploads\/2017\/04\/madrid-jp-4-360x153.jpg 360w, https:\/\/www.jesuspeiro.com\/wp-content\/uploads\/2017\/04\/madrid-jp-4-940x401.jpg 940w, https:\/\/www.jesuspeiro.com\/wp-content\/uploads\/2017\/04\/madrid-jp-4.jpg 1652w\" sizes=\"(max-width: 1500px) 100vw, 1500px\" \/><\/p>\n<p><img decoding=\"async\" src=\"https:\/\/www.jesuspeiro.com\/wp-jesuspeiro-2017\/wp-content\/uploads\/2017\/04\/madrid-jp-5-1500x639.jpg\" alt=\"\" width=\"1500\" height=\"639\" class=\"alignnone size-medium wp-image-50368\" srcset=\"https:\/\/www.jesuspeiro.com\/wp-content\/uploads\/2017\/04\/madrid-jp-5-1500x639.jpg 1500w, https:\/\/www.jesuspeiro.com\/wp-content\/uploads\/2017\/04\/madrid-jp-5-768x327.jpg 768w, https:\/\/www.jesuspeiro.com\/wp-content\/uploads\/2017\/04\/madrid-jp-5-1600x682.jpg 1600w, https:\/\/www.jesuspeiro.com\/wp-content\/uploads\/2017\/04\/madrid-jp-5-360x153.jpg 360w, https:\/\/www.jesuspeiro.com\/wp-content\/uploads\/2017\/04\/madrid-jp-5-940x401.jpg 940w, https:\/\/www.jesuspeiro.com\/wp-content\/uploads\/2017\/04\/madrid-jp-5.jpg 1652w\" sizes=\"(max-width: 1500px) 100vw, 1500px\" \/><\/p>\n<p><img decoding=\"async\" src=\"https:\/\/www.jesuspeiro.com\/wp-jesuspeiro-2017\/wp-content\/uploads\/2017\/04\/madrid-jp-6-1500x636.jpg\" alt=\"Tienda Jesus Peiro Madrid\" width=\"1500\" height=\"636\" class=\"alignnone size-medium wp-image-50373\" srcset=\"https:\/\/www.jesuspeiro.com\/wp-content\/uploads\/2017\/04\/madrid-jp-6-1500x636.jpg 1500w, https:\/\/www.jesuspeiro.com\/wp-content\/uploads\/2017\/04\/madrid-jp-6-768x326.jpg 768w, https:\/\/www.jesuspeiro.com\/wp-content\/uploads\/2017\/04\/madrid-jp-6-1600x678.jpg 1600w, https:\/\/www.jesuspeiro.com\/wp-content\/uploads\/2017\/04\/madrid-jp-6-360x153.jpg 360w, https:\/\/www.jesuspeiro.com\/wp-content\/uploads\/2017\/04\/madrid-jp-6-940x398.jpg 940w, https:\/\/www.jesuspeiro.com\/wp-content\/uploads\/2017\/04\/madrid-jp-6.jpg 1649w\" sizes=\"(max-width: 1500px) 100vw, 1500px\" \/><\/p>\n","protected":false},"excerpt":{"rendered":"<p>Neue Jes\u00fas Peir\u00f3-Filiale in Madrid<\/p>\n","protected":false},"author":1,"featured_media":0,"parent":0,"menu_order":0,"comment_status":"closed","ping_status":"closed","template":"page-nueva-tienda.php","meta":{"_acf_changed":false,"om_disable_all_campaigns":false,"_monsterinsights_skip_tracking":false,"_monsterinsights_sitenote_active":false,"_monsterinsights_sitenote_note":"","_monsterinsights_sitenote_category":0,"footnotes":""},"class_list":["post-50385","page","type-page","status-publish","hentry"],"acf":[],"aioseo_notices":[],"_links":{"self":[{"href":"https:\/\/www.jesuspeiro.com\/de\/wp-json\/wp\/v2\/pages\/50385","targetHints":{"allow":["GET"]}}],"collection":[{"href":"https:\/\/www.jesuspeiro.com\/de\/wp-json\/wp\/v2\/pages"}],"about":[{"href":"https:\/\/www.jesuspeiro.com\/de\/wp-json\/wp\/v2\/types\/page"}],"author":[{"embeddable":true,"href":"https:\/\/www.jesuspeiro.com\/de\/wp-json\/wp\/v2\/users\/1"}],"replies":[{"embeddable":true,"href":"https:\/\/www.jesuspeiro.com\/de\/wp-json\/wp\/v2\/comments?post=50385"}],"version-history":[{"count":0,"href":"https:\/\/www.jesuspeiro.com\/de\/wp-json\/wp\/v2\/pages\/50385\/revisions"}],"wp:attachment":[{"href":"https:\/\/www.jesuspeiro.com\/de\/wp-json\/wp\/v2\/media?parent=50385"}],"curies":[{"name":"wp","href":"https:\/\/api.w.org\/{rel}","templated":true}]}}