{"id":302145,"date":"2026-02-26T15:25:12","date_gmt":"2026-02-26T15:25:12","guid":{"rendered":"https:\/\/www.jesuspeiro.com\/?page_id=302145"},"modified":"2026-03-01T17:43:36","modified_gmt":"2026-03-01T17:43:36","slug":"home-preview-2027-collection","status":"publish","type":"page","link":"https:\/\/www.jesuspeiro.com\/de\/","title":{"rendered":"Home Preview 2027 Collection"},"content":{"rendered":"<p>Calla \u2013 die eleganteste aller Blumen, Blume der Br\u00e4ute und auch weiblicher Vorname.<br \/>\nEine Blume von bestechender Schlichtheit und Komplexit\u00e4t und Inspiration f\u00fcr unsere neue Kollektion 2020.<\/p>\n<p>Die Kollektion Cala interpretiert klassische Sch\u00f6nheit ganz neu als Boutique-Konzept. Miteinander kombinierbare Einzelst\u00fccke wie Jacken, Oberteile, R\u00f6cke und Hosen geben der Braut die Freiheit, ihren pers\u00f6nlichen Stil einzubringen.<\/p>\n","protected":false},"excerpt":{"rendered":"<p>Calla \u2013 die eleganteste aller Blumen, Blume der Br\u00e4ute und auch weiblicher Vorname. Eine Blume von bestechender Schlichtheit und Komplexit\u00e4t und Inspiration f\u00fcr unsere neue Kollektion 2020. Die Kollektion Cala interpretiert klassische Sch\u00f6nheit ganz neu als Boutique-Konzept. Miteinander kombinierbare Einzelst\u00fccke wie Jacken, Oberteile, R\u00f6cke und Hosen geben der Braut die Freiheit, ihren pers\u00f6nlichen Stil einzubringen.<\/p>\n","protected":false},"author":1,"featured_media":0,"parent":0,"menu_order":0,"comment_status":"closed","ping_status":"closed","template":"page-home-ovalo.php","meta":{"_acf_changed":false,"om_disable_all_campaigns":false,"_monsterinsights_skip_tracking":false,"_monsterinsights_sitenote_active":false,"_monsterinsights_sitenote_note":"","_monsterinsights_sitenote_category":0,"footnotes":""},"class_list":["post-302145","page","type-page","status-publish","hentry"],"acf":[],"aioseo_notices":[],"_links":{"self":[{"href":"https:\/\/www.jesuspeiro.com\/de\/wp-json\/wp\/v2\/pages\/302145","targetHints":{"allow":["GET"]}}],"collection":[{"href":"https:\/\/www.jesuspeiro.com\/de\/wp-json\/wp\/v2\/pages"}],"about":[{"href":"https:\/\/www.jesuspeiro.com\/de\/wp-json\/wp\/v2\/types\/page"}],"author":[{"embeddable":true,"href":"https:\/\/www.jesuspeiro.com\/de\/wp-json\/wp\/v2\/users\/1"}],"replies":[{"embeddable":true,"href":"https:\/\/www.jesuspeiro.com\/de\/wp-json\/wp\/v2\/comments?post=302145"}],"version-history":[{"count":1,"href":"https:\/\/www.jesuspeiro.com\/de\/wp-json\/wp\/v2\/pages\/302145\/revisions"}],"predecessor-version":[{"id":306196,"href":"https:\/\/www.jesuspeiro.com\/de\/wp-json\/wp\/v2\/pages\/302145\/revisions\/306196"}],"wp:attachment":[{"href":"https:\/\/www.jesuspeiro.com\/de\/wp-json\/wp\/v2\/media?parent=302145"}],"curies":[{"name":"wp","href":"https:\/\/api.w.org\/{rel}","templated":true}]}}