{"id":282631,"date":"2025-04-11T15:43:38","date_gmt":"2025-04-11T15:43:38","guid":{"rendered":"https:\/\/dev.jesuspeiro.com\/faqs\/"},"modified":"2025-06-08T18:37:16","modified_gmt":"2025-06-08T18:37:16","slug":"faqs","status":"publish","type":"page","link":"https:\/\/www.jesuspeiro.com\/de\/faqs\/","title":{"rendered":"FAQs"},"content":{"rendered":"\n<p><strong>Wir kl\u00e4ren deine Zweifel Schritt f\u00fcr Schritt.<\/strong><\/p>\n\n<p>Wir haben die h\u00e4ufigsten Fragen zusammengestellt, um dir auf klare und einfache Weise zu helfen.<br data-start=\"670\" data-end=\"673\"\/>Wenn du nicht findest, was du suchst, freuen wir uns darauf, <a title=\"Connect\" href=\"https:\/\/www.jesuspeiro.com\/de\/kontakt\/\">von dir zu h\u00f6ren<\/a>.<\/p>\n","protected":false},"excerpt":{"rendered":"<p>Wir kl\u00e4ren deine Zweifel Schritt f\u00fcr Schritt. Wir haben die h\u00e4ufigsten Fragen zusammengestellt, um dir auf klare und einfache Weise zu helfen.Wenn du nicht findest, was du suchst, freuen wir uns darauf, von dir zu h\u00f6ren.<\/p>\n","protected":false},"author":1,"featured_media":0,"parent":0,"menu_order":0,"comment_status":"closed","ping_status":"closed","template":"page-faqs.php","meta":{"_acf_changed":false,"om_disable_all_campaigns":false,"_monsterinsights_skip_tracking":false,"_monsterinsights_sitenote_active":false,"_monsterinsights_sitenote_note":"","_monsterinsights_sitenote_category":0,"footnotes":""},"class_list":["post-282631","page","type-page","status-publish","hentry"],"acf":[],"aioseo_notices":[],"_links":{"self":[{"href":"https:\/\/www.jesuspeiro.com\/de\/wp-json\/wp\/v2\/pages\/282631","targetHints":{"allow":["GET"]}}],"collection":[{"href":"https:\/\/www.jesuspeiro.com\/de\/wp-json\/wp\/v2\/pages"}],"about":[{"href":"https:\/\/www.jesuspeiro.com\/de\/wp-json\/wp\/v2\/types\/page"}],"author":[{"embeddable":true,"href":"https:\/\/www.jesuspeiro.com\/de\/wp-json\/wp\/v2\/users\/1"}],"replies":[{"embeddable":true,"href":"https:\/\/www.jesuspeiro.com\/de\/wp-json\/wp\/v2\/comments?post=282631"}],"version-history":[{"count":0,"href":"https:\/\/www.jesuspeiro.com\/de\/wp-json\/wp\/v2\/pages\/282631\/revisions"}],"wp:attachment":[{"href":"https:\/\/www.jesuspeiro.com\/de\/wp-json\/wp\/v2\/media?parent=282631"}],"curies":[{"name":"wp","href":"https:\/\/api.w.org\/{rel}","templated":true}]}}